{"id":23,"date":"2016-12-30T17:10:01","date_gmt":"2016-12-30T16:10:01","guid":{"rendered":"http:\/\/www.hjt-hormonalnijoga.cz\/?page_id=23"},"modified":"2017-01-22T23:26:12","modified_gmt":"2017-01-22T22:26:12","slug":"uvod","status":"publish","type":"page","link":"https:\/\/www.hjt-hormonalnijoga.cz\/domains\/hjt-hormonalnijoga.cz\/","title":{"rendered":"O n\u00e1s"},"content":{"rendered":"<p><span style=\"font-size: 1.3em;\"><strong>M\u00e1te probl\u00e9my s hormony ?\u00a0 Neda\u0159\u00ed se V\u00e1m ot\u011bhotn\u011bt ?<\/strong><\/span><\/p>\n<p>Hormon\u00e1ln\u00ed j\u00f3ga pom\u016f\u017ee b\u011bhem menopauzy i s ot\u011bhotn\u011bn\u00edm. D\u00e1le pom\u00e1h\u00e1 p\u0159i pad\u00e1n\u00ed vllas\u016f, siln\u00e9m akn\u00e9 nebo i s nepravidelnou menstruac\u00ed.<\/p>\n<p>Hormon\u00e1ln\u00ed j\u00f3gov\u00e1 terapie (HJT) podle Brazilky <a href=\"http:\/\/www.dinahrodrigues.com.br\/home-en\" target=\"_blank\"><strong>Dinah Rodrigues<\/strong><\/a> se ve sv\u011bt\u011b provozuje u\u017e dlouho, u n\u00e1s zat\u00edm je\u0161t\u011b nen\u00ed tak zn\u00e1m\u00e1.<\/p>\n<p><strong><a href=\"http:\/\/www.hjt-hormonalnijoga.cz\/domains\/hjt-hormonalnijoga.cz\/wp-content\/uploads\/2017\/01\/portret3.jpg\" target=\"_blank\" rel=\"lightbox[23]\"><img loading=\"lazy\" class=\"alignleft wp-image-777 size-medium\" src=\"http:\/\/www.hjt-hormonalnijoga.cz\/domains\/hjt-hormonalnijoga.cz\/wp-content\/uploads\/2017\/01\/portret3-197x300.jpg\" width=\"197\" height=\"300\" srcset=\"https:\/\/www.hjt-hormonalnijoga.cz\/domains\/hjt-hormonalnijoga.cz\/wp-content\/uploads\/2017\/01\/portret3-197x300.jpg 197w, https:\/\/www.hjt-hormonalnijoga.cz\/domains\/hjt-hormonalnijoga.cz\/wp-content\/uploads\/2017\/01\/portret3.jpg 422w\" sizes=\"(max-width: 197px) 100vw, 197px\" \/><\/a>\u0160\u00e1rka Simonidesov\u00e1<\/strong> je <a href=\"http:\/\/www.hjt-hormonalnijoga.cz\/wp\/?page_id=250\">certifikovan\u00e1<\/a> lektorka Hormon\u00e1ln\u00ed jogov\u00e9 terapie podle Dinah Rodrigu\u00e9s. \u0160\u00e1rka byla studentkou Dinah Rodrigu\u00e9s, kter\u00e1 jedin\u00e1 na sv\u011bt\u011b m\u016f\u017ee tento certifik\u00e1t vydat. Je certifikovanou lektorkou &#8222;Hormon\u00e1ln\u00ed j\u00f3gy&#8220; , a to jak pro mu\u017ee , \u017eeny i diabetiky. Po\u0159\u00e1d\u00e1 semin\u00e1\u0159e po cel\u00e9 \u010cR, p\u0159ev\u00e1\u017en\u011b v Brn\u011b, Praze Jihlav\u011b a V\u00edsce u Chot\u011bbo\u0159e na Ml\u00fdn\u011b Po\u0161tolka u pan\u00ed Ivy Georgievov\u00e9 ( srde\u010dn\u00ed z\u00e1le\u017eitost &#8211; <a href=\"http:\/\/www.ivaveda.eu\" target=\"_blank\"><strong>Ayurv\u00e9da v \u017divot\u011b<\/strong><\/a> ). Byla jednou z prvn\u00edch lektorek v \u010cR oprav\u0148uj\u00edch sestavu p\u0159ed\u00e1vat a vyu\u010dovat. Sestavu hormon\u00e1ln\u00ed j\u00f3gy zn\u00e1 od \u00a02009, tedy p\u0159es 7 let. V sou\u010dasn\u00e9 chv\u00edli je cca 9 lektorek vlastn\u00edc\u00ed tento certifik\u00e1t oprav\u0148uj\u00edc\u00ed vyu\u010dovat kurzy Hormon\u00e1ln\u00ed jogov\u00e9 terapie jak pro mu\u017ee \u017eeny a diabetiky. Ka\u017ed\u00fd m\u011bs\u00edc jej\u00ed kurzy nav\u0161t\u00edv\u00ed minim\u00e1ln\u011b 50 \u00fa\u010dastnic. V tuto chv\u00edli jej\u00ed kurzy nav\u0161\u00edvilo okolo 1 500 klientek a klient\u016f.<\/p>\n<p>Je nejen lektrorkou hormon\u00e1ln\u00ed j\u00f3gy, ale je sou\u010dasn\u011b akreditovanou u\u010ditelkou j\u00f3gy, jin j\u00f3gy, lektorkou \u0161koly p\u00e1nevn\u00edho dna. J\u00f3ze se v\u011bnuje p\u0159es 15 let. D\u0159\u00edve byla nap\u0159. intstruktorkou fitness, osobn\u00ed tren\u00e9rkou, ale i tren\u00e9rkou kulturisky, mas\u00e9rkou a instruktorkou bossu rehab, core aj. Tyto zku\u0161enosti z p\u0159edchoz\u00ed praxe velmi dob\u0159e uplat\u0148uje v sou\u010dasn\u00e9 dob\u011b hl. v oblasti anatomie a fyziologie sv\u00fdch klient\u016f a klientek. Na vy\u017e\u00e1d\u00e1n\u00ed vede i kurzy na tvo\u0159en\u00ed mandal, na kter\u00e9 m\u00e1 tak\u00e9 akreditaci, pop\u0159\u00edpad\u011b \u0159e\u0161\u00ed i bytov\u00fd desing, \u010di design hl. j\u00f3gov\u00fdch studi\u00ed.<\/p>\n","protected":false},"excerpt":{"rendered":"<p>M\u00e1te probl\u00e9my s hormony ?\u00a0 Neda\u0159\u00ed se V\u00e1m ot\u011bhotn\u011bt ? Hormon\u00e1ln\u00ed j\u00f3ga pom\u016f\u017ee b\u011bhem menopauzy i s ot\u011bhotn\u011bn\u00edm. D\u00e1le pom\u00e1h\u00e1 p\u0159i pad\u00e1n\u00ed vllas\u016f, siln\u00e9m akn\u00e9 nebo i s nepravidelnou menstruac\u00ed. Hormon\u00e1ln\u00ed j\u00f3gov\u00e1 terapie (HJT) podle Brazilky Dinah Rodrigues se ve &hellip; <a href=\"https:\/\/www.hjt-hormonalnijoga.cz\/domains\/hjt-hormonalnijoga.cz\/\">Cel\u00fd p\u0159\u00edsp\u011bvek <span class=\"meta-nav\">&rarr;<\/span><\/a><\/p>\n","protected":false},"author":1,"featured_media":0,"parent":0,"menu_order":1,"comment_status":"closed","ping_status":"closed","template":"sidebar-page.php","meta":{"ngg_post_thumbnail":0},"_links":{"self":[{"href":"https:\/\/www.hjt-hormonalnijoga.cz\/domains\/hjt-hormonalnijoga.cz\/wp-json\/wp\/v2\/pages\/23"}],"collection":[{"href":"https:\/\/www.hjt-hormonalnijoga.cz\/domains\/hjt-hormonalnijoga.cz\/wp-json\/wp\/v2\/pages"}],"about":[{"href":"https:\/\/www.hjt-hormonalnijoga.cz\/domains\/hjt-hormonalnijoga.cz\/wp-json\/wp\/v2\/types\/page"}],"author":[{"embeddable":true,"href":"https:\/\/www.hjt-hormonalnijoga.cz\/domains\/hjt-hormonalnijoga.cz\/wp-json\/wp\/v2\/users\/1"}],"replies":[{"embeddable":true,"href":"https:\/\/www.hjt-hormonalnijoga.cz\/domains\/hjt-hormonalnijoga.cz\/wp-json\/wp\/v2\/comments?post=23"}],"version-history":[{"count":4,"href":"https:\/\/www.hjt-hormonalnijoga.cz\/domains\/hjt-hormonalnijoga.cz\/wp-json\/wp\/v2\/pages\/23\/revisions"}],"predecessor-version":[{"id":818,"href":"https:\/\/www.hjt-hormonalnijoga.cz\/domains\/hjt-hormonalnijoga.cz\/wp-json\/wp\/v2\/pages\/23\/revisions\/818"}],"wp:attachment":[{"href":"https:\/\/www.hjt-hormonalnijoga.cz\/domains\/hjt-hormonalnijoga.cz\/wp-json\/wp\/v2\/media?parent=23"}],"curies":[{"name":"wp","href":"https:\/\/api.w.org\/{rel}","templated":true}]}}